{"id":4978,"date":"2025-02-13T01:09:05","date_gmt":"2025-02-13T01:09:05","guid":{"rendered":"https:\/\/airna.docksal.site\/join-us\/"},"modified":"2025-12-22T18:53:09","modified_gmt":"2025-12-22T18:53:09","slug":"join-us","status":"publish","type":"page","link":"https:\/\/airna.com\/de\/join-us\/","title":{"rendered":"Werden Sie Teil von uns"},"content":{"rendered":"\n<div class=\"wp-block-cover alignfull\"><span aria-hidden=\"true\" class=\"wp-block-cover__background has-blue-lt-bg-background-color has-background-dim-100 has-background-dim\"><\/span><div class=\"wp-block-cover__inner-container is-layout-constrained wp-block-cover-is-layout-constrained\">\n\t<div  class=\"section-heading  align-text-left align-content-top align wp-block-acf-section-heading\">\n\t\n\n\t\t<div class=\"acf-innerblocks-container\">\n\n<div class=\"wp-block-group is-layout-constrained wp-block-group-is-layout-constrained\">\n<div class=\"wp-block-group is-style-offset-left section-heading__heading is-layout-constrained wp-block-group-is-layout-constrained\">\n<h2 class=\"wp-block-heading eyebrow-preheading has-blue-dk-color has-text-color has-link-color wp-elements-ef4ef823eaaa3d905b2911317e58dfa4\">Wir sind ONE AIRNA<\/h2>\n\n\n\n<hr class=\"wp-block-separator has-alpha-channel-opacity\"\/>\n\n\n\n<h3 class=\"wp-block-heading has-blue-dk-color has-text-color has-link-color has-h-2-font-size wp-elements-571ceb928489b4c4aa4494cdc6fc43ea\"><strong>Wir wollen das Leben von Patienten durch modernste Fortschritte im RNA-Editing ver\u00e4ndern.<\/strong><\/h3>\n<\/div>\n\n\n\n<div class=\"wp-block-group is-style-offset-right section-heading__content is-layout-constrained wp-block-group-is-layout-constrained\">\n<p class=\"has-blue-dk-color has-text-color has-link-color wp-elements-cd03bdc21db90b4e1ee1f411cf50e2de\">Unsere Werte sind Teamwork, Resilienz, Exzellenz, Menschlichkeit und Gesundheit. Wir sind ein kollaboratives und multikulturelles Team, das seinen Erfolg auf Diversit\u00e4t aufbaut.<\/p>\n\n\n\n<p class=\"has-blue-dk-color has-text-color has-link-color wp-elements-01fb4c98b31419bd0665f019a875933a\">Bei AIRNA werden Sie Teil eines Teams sein, das nach transformativer Wissenschaft f\u00fcr jene Patienten strebt, die es am meisten ben\u00f6tigen Arbeiten Sie mit uns an der Suche nach nachhaltigen L\u00f6sungen f\u00fcr eine breitgef\u00e4cherte Gemeinschaft von Interessensgruppen und erreichen Sie mit uns eine mutige, neue Vision f\u00fcr Genmedikamente.<\/p>\n<\/div>\n<\/div>\n\n<\/div>\n\n\t<\/div>\n<\/div><\/div>\n\n<div class=\"wp-block-cover alignfull\" style=\"padding-top:0;padding-bottom:0\"><span aria-hidden=\"true\" class=\"wp-block-cover__background has-background-dim-100 has-background-dim has-background-gradient has-airna-horizontal-gradient-background\"><\/span><div class=\"wp-block-cover__inner-container is-layout-constrained wp-block-cover-is-layout-constrained\">\n\n\n\n\t<div class=\"culture-carousel   wp-block-acf-culture-carousel\">\n\t\n\n\t\t<div\n\t\t\tclass=\"wp-block-group is-style-sidebar-group white-border culture-carousel-inner is-layout-constrained wp-block-group-is-layout-constrained cc-container\">\n\t\t\t<div class=\"cc-header\">\n\t\t\t\t<h2 class=\"wp-block-heading white-border is-style-sidebar-title eyebrow-preheading\"\n\t\t\t\t\tstyle=\"translate: none; rotate: none; scale: none; opacity: 1; transform: translate(0px, 0px);\">Eine Kultur der Exzellenz<\/h2>\n\t\t\t\t<div class=\"cc-controls\">\n\t\t\t\t\t<button type=\"button\" class=\"slick-prev\"><\/button>\n\t\t\t\t\t<button type=\"button\" class=\"slick-next\"><\/button>\n\t\t\t\t<\/div>\n\t\t\t<\/div>\n\n\n\n\n\t\t\t<div\n\t\t\t\tclass=\"wp-block-group white-border culture-carousel-slides is-layout-constrained wp-block-group-is-layout-constrained\">\n\t\t\t\t<div class=\"cc-carousel\">\n\t\t\t\t\t\t\t\t\t\t\t<div class=\"cc-slide\">\n\t\t\t\t\t\t\t<p class=\"cc-quote\">\n\t\t\t\t\t\t\t\t\u201eL\u00f6sungen f\u00fcr seltene und h\u00e4ufige Erkrankungen stehen f\u00fcr alle bei AIRNA an erster Stelle. Gemeinsam spielen wir alle eine Rolle bei der Entwicklung innovativer Technologien, die das Potenzial haben, die Welt zu einem besseren und ges\u00fcnderen Ort zu machen.\u201c\t\t\t\t\t\t\t<\/p>\n\t\t\t\t\t\t\t<div class=\"slide-footer\">\n\t\t\t\t\t\t\t\t<div class=\"image\">\n\t\t\t\t\t\t\t\t\t<img decoding=\"async\" width=\"150\" height=\"150\" src=\"https:\/\/airna.com\/wp-content\/uploads\/2025\/02\/Kristen-McCandless-150x150.jpg\" class=\"attachment-thumbnail size-thumbnail\" alt=\"\" srcset=\"https:\/\/airna.com\/wp-content\/uploads\/2025\/02\/Kristen-McCandless-150x150.jpg 150w, https:\/\/airna.com\/wp-content\/uploads\/2025\/02\/Kristen-McCandless-300x300.jpg 300w, https:\/\/airna.com\/wp-content\/uploads\/2025\/02\/Kristen-McCandless.jpg 500w\" sizes=\"(max-width: 150px) 100vw, 150px\" \/>\t\t\t\t\t\t\t\t<\/div>\n\t\t\t\t\t\t\t\t<div class=\"footer-info\">\n\t\t\t\t\t\t\t\t\t<p class=\"cc-author\">\n\t\t\t\t\t\t\t\t\t\tKristyn McCandless, JD\t\t\t\t\t\t\t\t\t<\/p>\n\t\t\t\t\t\t\t\t\t<p class=\"cc-author-subhead\">\n\t\t\t\t\t\t\t\t\t\tDirector, Legal\t\t\t\t\t\t\t\t\t<\/p>\n\t\t\t\t\t\t\t\t<\/div>\n\n\t\t\t\t\t\t\t<\/div>\n\n\t\t\t\t\t\t<\/div>\n\t\t\t\t\t\t\t\t\t\t\t<div class=\"cc-slide\">\n\t\t\t\t\t\t\t<p class=\"cc-quote\">\n\t\t\t\t\t\t\t\t\u201eUnsere Ergebnisse zeigen, dass wir auf dem richtigen Weg sind, das Leben der Patienten zu verbessern. Das motiviert mich jeden einzelnen Tag aufs Neue. Die Arbeit bei AIRNA bedeutet, in einer unterst\u00fctzenden, vielf\u00e4ltigen und freundlichen Umgebung exzellente Wissenschaft zu betreiben, in der Kollegen zu engen Freunden werden k\u00f6nnen.\u201c \r\n\t\t\t\t\t\t\t<\/p>\n\t\t\t\t\t\t\t<div class=\"slide-footer\">\n\t\t\t\t\t\t\t\t<div class=\"image\">\n\t\t\t\t\t\t\t\t\t<img decoding=\"async\" width=\"150\" height=\"150\" src=\"https:\/\/airna.com\/wp-content\/uploads\/2025\/02\/Juri-Eyberg-150x150.jpg\" class=\"attachment-thumbnail size-thumbnail\" alt=\"\" srcset=\"https:\/\/airna.com\/wp-content\/uploads\/2025\/02\/Juri-Eyberg-150x150.jpg 150w, https:\/\/airna.com\/wp-content\/uploads\/2025\/02\/Juri-Eyberg-300x300.jpg 300w, https:\/\/airna.com\/wp-content\/uploads\/2025\/02\/Juri-Eyberg.jpg 500w\" sizes=\"(max-width: 150px) 100vw, 150px\" \/>\t\t\t\t\t\t\t\t<\/div>\n\t\t\t\t\t\t\t\t<div class=\"footer-info\">\n\t\t\t\t\t\t\t\t\t<p class=\"cc-author\">\n\t\t\t\t\t\t\t\t\t\tDr. Juri Eyberg\t\t\t\t\t\t\t\t\t<\/p>\n\t\t\t\t\t\t\t\t\t<p class=\"cc-author-subhead\">\n\t\t\t\t\t\t\t\t\t\tSenior Scientist\t\t\t\t\t\t\t\t\t<\/p>\n\t\t\t\t\t\t\t\t<\/div>\n\n\t\t\t\t\t\t\t<\/div>\n\n\t\t\t\t\t\t<\/div>\n\t\t\t\t\t\n\t\t\t\t<\/div>\n\t\t\t<\/div>\n\t\t<\/div>\n\n\n\n\n\n\n\n\t\t<\/div><\/div><\/div>\n\n<div class=\"wp-block-cover alignfull\" style=\"padding-top:var(--wp--preset--spacing--80);padding-bottom:var(--wp--preset--spacing--80)\"><span aria-hidden=\"true\" class=\"wp-block-cover__background has-blue-lt-bg-background-color has-background-dim-100 has-background-dim\"><\/span><div class=\"wp-block-cover__inner-container is-layout-constrained wp-block-cover-is-layout-constrained\">\n<div class=\"wp-block-group is-style-sidebar-group pink-border is-layout-constrained wp-block-group-is-layout-constrained\">\n<h2 class=\"wp-block-heading is-style-sidebar-title pink-border has-blue-dk-color has-text-color has-link-color wp-elements-69a4ec7aa93073356ca19ef36a6606a4\">Leben bei AIRNA<\/h2>\n\n\n\n<div class=\"wp-block-group  pink-border is-layout-constrained wp-block-group-is-layout-constrained\">\n<figure class=\"wp-block-image size-full desktop-only\"><img decoding=\"async\" width=\"2196\" height=\"1232\" src=\"https:\/\/airna.com\/wp-content\/uploads\/2025\/02\/group_photos.png\" alt=\"\" class=\"wp-image-4229\" srcset=\"https:\/\/airna.com\/wp-content\/uploads\/2025\/02\/group_photos.png 2196w, https:\/\/airna.com\/wp-content\/uploads\/2025\/02\/group_photos-300x168.png 300w, https:\/\/airna.com\/wp-content\/uploads\/2025\/02\/group_photos-1024x574.png 1024w, https:\/\/airna.com\/wp-content\/uploads\/2025\/02\/group_photos-768x431.png 768w, https:\/\/airna.com\/wp-content\/uploads\/2025\/02\/group_photos-1536x862.png 1536w, https:\/\/airna.com\/wp-content\/uploads\/2025\/02\/group_photos-2048x1149.png 2048w\" sizes=\"(max-width: 2196px) 100vw, 2196px\" \/><\/figure>\n\n\n\n<figure class=\"wp-block-image size-full mobile-only\"><img decoding=\"async\" width=\"772\" height=\"1480\" src=\"https:\/\/airna.com\/wp-content\/uploads\/2025\/03\/team.png\" alt=\"\" class=\"wp-image-4342\" srcset=\"https:\/\/airna.com\/wp-content\/uploads\/2025\/03\/team.png 772w, https:\/\/airna.com\/wp-content\/uploads\/2025\/03\/team-156x300.png 156w, https:\/\/airna.com\/wp-content\/uploads\/2025\/03\/team-534x1024.png 534w, https:\/\/airna.com\/wp-content\/uploads\/2025\/03\/team-768x1472.png 768w\" sizes=\"(max-width: 772px) 100vw, 772px\" \/><\/figure>\n<\/div>\n<\/div>\n<\/div><\/div>\n\n\t<div  id=\"careers\"  style=\"margin-top:var(--wp--preset--spacing--60);\" class=\"section-heading  align-text-left align-content-top align wp-block-acf-section-heading\">\n\t\n\n\t\t<div class=\"acf-innerblocks-container\">\n\n<div class=\"wp-block-group is-layout-constrained wp-block-group-is-layout-constrained\">\n<div class=\"wp-block-group is-style-offset-left section-heading__heading is-layout-constrained wp-block-group-is-layout-constrained\">\n<h2 class=\"wp-block-heading eyebrow-preheading\">Jobs<\/h2>\n\n\n\n<hr class=\"wp-block-separator has-alpha-channel-opacity\"\/>\n\n\n\n<h3 class=\"wp-block-heading has-h-2-font-size\">Werden Sie Teil des Teams<\/h3>\n\n\n\n<p>Wenn Sie sich f\u00fcr eine offene Stelle bewerben m\u00f6chten, senden Sie bitte Ihr Bewerbungsschreiben und Ihren Lebenslauf an <span style=\"text-decoration: underline;\"><a href=\"mailto:careers@airna.com\">careers@airna.com<\/a><\/span>.<\/p>\n<\/div>\n<\/div>\n\n<\/div>\n\n\t<\/div>\n\n\n  <div style=\"padding-bottom:var(--wp--preset--spacing--80);\" class=\"post-teasers-block  noflexwrap align noflexwrap wp-block-acf-faceted-teasers-block\">\n  \n\n          <div class=\"filters\">\n                  \n            <div class=\"facetwp-facet facetwp-facet-job-location facetwp-type-radio\" data-name=\"job-location\" data-type=\"radio\"><\/div>                                <\/div>\n        <div class=\"facetwp-template\">\n\n\n      \n                  <div class=\"grid\">\n          \n                        <div class=\"g-col-12 g-col-md-6\">\n              \n              \n<a\nhref=\"https:\/\/airna.com\/de\/news\/job-post\/administrative-specialist-and-executive-support\/\" class=\"teaser teaser--job-post teaser-grid\" id=\"post-5428\">\n\n\t<div class=\"post_content\">\n\t\t<p class=\"meta-detail\">T\u00fcbingen, Germany<\/p>\n\t\t<h3 class=\"teaser--title\">Administrative Specialist and Executive Support<\/h3>\n\t\t<div class=\"teaser--post-meta post-meta\">\n\n\t\t\t<p class=\"teaser--excerpt\">The Administrative Specialist &amp; Executive Support role provides high-level administrative, operational, and HR support to the local management team, ensuring the efficient and professional operation of the AIRNA T\u00fcbingen site.<\/p>\n\t\t<\/div>\n\t\t<!-- wp:buttons {\"layout\":{\"type\":\"flex\",\"justifyContent\":\"center\"}} -->\n\t\t<div class=\"wp-block-buttons\">\n\t\t\t<div class=\"wp-block-button is-style-secondary\"><span class=\"wp-block-button__link wp-element-button\"\n\t\t\t\t\t>Learn More<\/span>\n\t\t\t<\/div>\n\t\t<\/div>\n\t\t<!-- \/wp:buttons -->\n\n\t\t<\/div>\n<\/a>\n                            <\/div>\n                                    <div class=\"g-col-12 g-col-md-6\">\n              \n              \n<a\nhref=\"https:\/\/airna.com\/de\/news\/job-post\/principal-scientist-biomarker-lead\/\" class=\"teaser teaser--job-post teaser-grid\" id=\"post-5033\">\n\n\t<div class=\"post_content\">\n\t\t<p class=\"meta-detail\">Cambridge, MA<\/p>\n\t\t<h3 class=\"teaser--title\">Associate Director, Biomarker Lead<\/h3>\n\t\t<div class=\"teaser--post-meta post-meta\">\n\n\t\t\t<p class=\"teaser--excerpt\">This individual will play a critical role in designing and executing biomarker strategies to support the clinical development of our oligonucleotide-based therapeutics. <\/p>\n\t\t<\/div>\n\t\t<!-- wp:buttons {\"layout\":{\"type\":\"flex\",\"justifyContent\":\"center\"}} -->\n\t\t<div class=\"wp-block-buttons\">\n\t\t\t<div class=\"wp-block-button is-style-secondary\"><span class=\"wp-block-button__link wp-element-button\"\n\t\t\t\t\t>Learn More<\/span>\n\t\t\t<\/div>\n\t\t<\/div>\n\t\t<!-- \/wp:buttons -->\n\n\t\t<\/div>\n<\/a>\n                            <\/div>\n                                    <div class=\"g-col-12 g-col-md-6\">\n              \n              \n<a\nhref=\"https:\/\/airna.com\/de\/news\/job-post\/director-head-of-bioinformatics\/\" class=\"teaser teaser--job-post teaser-grid\" id=\"post-5425\">\n\n\t<div class=\"post_content\">\n\t\t<p class=\"meta-detail\">Cambridge, MA<\/p>\n\t\t<h3 class=\"teaser--title\">Director, Head of Bioinformatics<\/h3>\n\t\t<div class=\"teaser--post-meta post-meta\">\n\n\t\t\t<p class=\"teaser--excerpt\">The Head of Bioinformatics will lead the strategic vision, build and manage a high-performing computational biology team, and drive data science innovation across discovery, preclinical, and clinical development programs.<\/p>\n\t\t<\/div>\n\t\t<!-- wp:buttons {\"layout\":{\"type\":\"flex\",\"justifyContent\":\"center\"}} -->\n\t\t<div class=\"wp-block-buttons\">\n\t\t\t<div class=\"wp-block-button is-style-secondary\"><span class=\"wp-block-button__link wp-element-button\"\n\t\t\t\t\t>Learn More<\/span>\n\t\t\t<\/div>\n\t\t<\/div>\n\t\t<!-- \/wp:buttons -->\n\n\t\t<\/div>\n<\/a>\n                            <\/div>\n                                    <div class=\"g-col-12 g-col-md-6\">\n              \n              \n<a\nhref=\"https:\/\/airna.com\/de\/news\/job-post\/director-human-resources\/\" class=\"teaser teaser--job-post teaser-grid\" id=\"post-5426\">\n\n\t<div class=\"post_content\">\n\t\t<p class=\"meta-detail\">Cambridge, MA<\/p>\n\t\t<h3 class=\"teaser--title\">Director, Human Resources<\/h3>\n\t\t<div class=\"teaser--post-meta post-meta\">\n\n\t\t\t<p class=\"teaser--excerpt\">AIRNA is seeking a detail-oriented and process-driven HR operations leader to partner with the Head of People to deliver scalable people programs, operational excellence and a positive employee experience across our global organization.<\/p>\n\t\t<\/div>\n\t\t<!-- wp:buttons {\"layout\":{\"type\":\"flex\",\"justifyContent\":\"center\"}} -->\n\t\t<div class=\"wp-block-buttons\">\n\t\t\t<div class=\"wp-block-button is-style-secondary\"><span class=\"wp-block-button__link wp-element-button\"\n\t\t\t\t\t>Learn More<\/span>\n\t\t\t<\/div>\n\t\t<\/div>\n\t\t<!-- \/wp:buttons -->\n\n\t\t<\/div>\n<\/a>\n                            <\/div>\n                                <\/div>\n      \n    <\/div>\n            <\/div>\n\n    ","protected":false},"excerpt":{"rendered":"","protected":false},"author":1,"featured_media":0,"parent":0,"menu_order":0,"comment_status":"closed","ping_status":"closed","template":"","meta":{"_acf_changed":false,"footnotes":" "},"class_list":["post-4978","page","type-page","status-publish","hentry"],"acf":[],"yoast_head":"<!-- This site is optimized with the Yoast SEO plugin v27.2 - https:\/\/yoast.com\/product\/yoast-seo-wordpress\/ -->\n<title>Werden Sie Teil von uns &#8212; Airna<\/title>\n<meta name=\"description\" content=\"Wir sind ONE AIRNA Wir wollen das Leben von Patienten durch modernste Fortschritte im RNA-Editing ver\u00e4ndern. Unsere Werte sind Teamwork, Resilienz,\" \/>\n<meta name=\"robots\" content=\"index, follow, max-snippet:-1, max-image-preview:large, max-video-preview:-1\" \/>\n<link rel=\"canonical\" href=\"https:\/\/airna.com\/de\/join-us\/\" \/>\n<meta property=\"og:locale\" content=\"de_DE\" \/>\n<meta property=\"og:type\" content=\"article\" \/>\n<meta property=\"og:title\" content=\"Werden Sie Teil von uns &#8212; Airna\" \/>\n<meta property=\"og:description\" content=\"Wir sind ONE AIRNA Wir wollen das Leben von Patienten durch modernste Fortschritte im RNA-Editing ver\u00e4ndern. Unsere Werte sind Teamwork, Resilienz,\" \/>\n<meta property=\"og:url\" content=\"https:\/\/airna.com\/de\/join-us\/\" \/>\n<meta property=\"og:site_name\" content=\"Airna\" \/>\n<meta property=\"article:modified_time\" content=\"2025-12-22T18:53:09+00:00\" \/>\n<meta property=\"og:image\" content=\"https:\/\/airna.com\/wp-content\/uploads\/2025\/02\/group_photos.png\" \/>\n<meta name=\"twitter:card\" content=\"summary_large_image\" \/>\n<meta name=\"twitter:label1\" content=\"Gesch\u00e4tzte Lesezeit\" \/>\n\t<meta name=\"twitter:data1\" content=\"1\u00a0Minute\" \/>\n<script type=\"application\/ld+json\" class=\"yoast-schema-graph\">{\"@context\":\"https:\/\/schema.org\",\"@graph\":[{\"@type\":\"WebPage\",\"@id\":\"https:\/\/airna.com\/de\/join-us\/\",\"url\":\"https:\/\/airna.com\/de\/join-us\/\",\"name\":\"Werden Sie Teil von uns &#8212; Airna\",\"isPartOf\":{\"@id\":\"https:\/\/airna.com\/de\/#website\"},\"primaryImageOfPage\":{\"@id\":\"https:\/\/airna.com\/de\/join-us\/#primaryimage\"},\"image\":{\"@id\":\"https:\/\/airna.com\/de\/join-us\/#primaryimage\"},\"thumbnailUrl\":\"https:\/\/airna.com\/wp-content\/uploads\/2025\/02\/group_photos.png\",\"datePublished\":\"2025-02-13T01:09:05+00:00\",\"dateModified\":\"2025-12-22T18:53:09+00:00\",\"description\":\"Wir sind ONE AIRNA Wir wollen das Leben von Patienten durch modernste Fortschritte im RNA-Editing ver\u00e4ndern. Unsere Werte sind Teamwork, Resilienz,\",\"breadcrumb\":{\"@id\":\"https:\/\/airna.com\/de\/join-us\/#breadcrumb\"},\"inLanguage\":\"de\",\"potentialAction\":[{\"@type\":\"ReadAction\",\"target\":[\"https:\/\/airna.com\/de\/join-us\/\"]}]},{\"@type\":\"ImageObject\",\"inLanguage\":\"de\",\"@id\":\"https:\/\/airna.com\/de\/join-us\/#primaryimage\",\"url\":\"https:\/\/airna.com\/wp-content\/uploads\/2025\/02\/group_photos.png\",\"contentUrl\":\"https:\/\/airna.com\/wp-content\/uploads\/2025\/02\/group_photos.png\"},{\"@type\":\"BreadcrumbList\",\"@id\":\"https:\/\/airna.com\/de\/join-us\/#breadcrumb\",\"itemListElement\":[{\"@type\":\"ListItem\",\"position\":1,\"name\":\"Home\",\"item\":\"https:\/\/airna.com\/de\/home\/\"},{\"@type\":\"ListItem\",\"position\":2,\"name\":\"Werden Sie Teil von uns\"}]},{\"@type\":\"WebSite\",\"@id\":\"https:\/\/airna.com\/de\/#website\",\"url\":\"https:\/\/airna.com\/de\/\",\"name\":\"Airna\",\"description\":\"TRANSFORMING LIVES, ONE RNA EDIT AT A TIME\",\"publisher\":{\"@id\":\"https:\/\/airna.com\/de\/#organization\"},\"potentialAction\":[{\"@type\":\"SearchAction\",\"target\":{\"@type\":\"EntryPoint\",\"urlTemplate\":\"https:\/\/airna.com\/de\/?s={search_term_string}\"},\"query-input\":{\"@type\":\"PropertyValueSpecification\",\"valueRequired\":true,\"valueName\":\"search_term_string\"}}],\"inLanguage\":\"de\"},{\"@type\":\"Organization\",\"@id\":\"https:\/\/airna.com\/de\/#organization\",\"name\":\"Airna\",\"url\":\"https:\/\/airna.com\/de\/\",\"logo\":{\"@type\":\"ImageObject\",\"inLanguage\":\"de\",\"@id\":\"https:\/\/airna.com\/de\/#\/schema\/logo\/image\/\",\"url\":\"https:\/\/airna.com\/wp-content\/uploads\/2025\/03\/AIRNA-logo.png\",\"contentUrl\":\"https:\/\/airna.com\/wp-content\/uploads\/2025\/03\/AIRNA-logo.png\",\"width\":280,\"height\":81,\"caption\":\"Airna\"},\"image\":{\"@id\":\"https:\/\/airna.com\/de\/#\/schema\/logo\/image\/\"},\"sameAs\":[\"https:\/\/www.linkedin.com\/company\/airna-bio\"]}]}<\/script>\n<!-- \/ Yoast SEO plugin. -->","yoast_head_json":{"title":"Werden Sie Teil von uns &#8212; Airna","description":"Wir sind ONE AIRNA Wir wollen das Leben von Patienten durch modernste Fortschritte im RNA-Editing ver\u00e4ndern. Unsere Werte sind Teamwork, Resilienz,","robots":{"index":"index","follow":"follow","max-snippet":"max-snippet:-1","max-image-preview":"max-image-preview:large","max-video-preview":"max-video-preview:-1"},"canonical":"https:\/\/airna.com\/de\/join-us\/","og_locale":"de_DE","og_type":"article","og_title":"Werden Sie Teil von uns &#8212; Airna","og_description":"Wir sind ONE AIRNA Wir wollen das Leben von Patienten durch modernste Fortschritte im RNA-Editing ver\u00e4ndern. Unsere Werte sind Teamwork, Resilienz,","og_url":"https:\/\/airna.com\/de\/join-us\/","og_site_name":"Airna","article_modified_time":"2025-12-22T18:53:09+00:00","og_image":[{"url":"https:\/\/airna.com\/wp-content\/uploads\/2025\/02\/group_photos.png","type":"","width":"","height":""}],"twitter_card":"summary_large_image","twitter_misc":{"Gesch\u00e4tzte Lesezeit":"1\u00a0Minute"},"schema":{"@context":"https:\/\/schema.org","@graph":[{"@type":"WebPage","@id":"https:\/\/airna.com\/de\/join-us\/","url":"https:\/\/airna.com\/de\/join-us\/","name":"Werden Sie Teil von uns &#8212; Airna","isPartOf":{"@id":"https:\/\/airna.com\/de\/#website"},"primaryImageOfPage":{"@id":"https:\/\/airna.com\/de\/join-us\/#primaryimage"},"image":{"@id":"https:\/\/airna.com\/de\/join-us\/#primaryimage"},"thumbnailUrl":"https:\/\/airna.com\/wp-content\/uploads\/2025\/02\/group_photos.png","datePublished":"2025-02-13T01:09:05+00:00","dateModified":"2025-12-22T18:53:09+00:00","description":"Wir sind ONE AIRNA Wir wollen das Leben von Patienten durch modernste Fortschritte im RNA-Editing ver\u00e4ndern. Unsere Werte sind Teamwork, Resilienz,","breadcrumb":{"@id":"https:\/\/airna.com\/de\/join-us\/#breadcrumb"},"inLanguage":"de","potentialAction":[{"@type":"ReadAction","target":["https:\/\/airna.com\/de\/join-us\/"]}]},{"@type":"ImageObject","inLanguage":"de","@id":"https:\/\/airna.com\/de\/join-us\/#primaryimage","url":"https:\/\/airna.com\/wp-content\/uploads\/2025\/02\/group_photos.png","contentUrl":"https:\/\/airna.com\/wp-content\/uploads\/2025\/02\/group_photos.png"},{"@type":"BreadcrumbList","@id":"https:\/\/airna.com\/de\/join-us\/#breadcrumb","itemListElement":[{"@type":"ListItem","position":1,"name":"Home","item":"https:\/\/airna.com\/de\/home\/"},{"@type":"ListItem","position":2,"name":"Werden Sie Teil von uns"}]},{"@type":"WebSite","@id":"https:\/\/airna.com\/de\/#website","url":"https:\/\/airna.com\/de\/","name":"Airna","description":"TRANSFORMING LIVES, ONE RNA EDIT AT A TIME","publisher":{"@id":"https:\/\/airna.com\/de\/#organization"},"potentialAction":[{"@type":"SearchAction","target":{"@type":"EntryPoint","urlTemplate":"https:\/\/airna.com\/de\/?s={search_term_string}"},"query-input":{"@type":"PropertyValueSpecification","valueRequired":true,"valueName":"search_term_string"}}],"inLanguage":"de"},{"@type":"Organization","@id":"https:\/\/airna.com\/de\/#organization","name":"Airna","url":"https:\/\/airna.com\/de\/","logo":{"@type":"ImageObject","inLanguage":"de","@id":"https:\/\/airna.com\/de\/#\/schema\/logo\/image\/","url":"https:\/\/airna.com\/wp-content\/uploads\/2025\/03\/AIRNA-logo.png","contentUrl":"https:\/\/airna.com\/wp-content\/uploads\/2025\/03\/AIRNA-logo.png","width":280,"height":81,"caption":"Airna"},"image":{"@id":"https:\/\/airna.com\/de\/#\/schema\/logo\/image\/"},"sameAs":["https:\/\/www.linkedin.com\/company\/airna-bio"]}]}},"_links":{"self":[{"href":"https:\/\/airna.com\/de\/wp-json\/wp\/v2\/pages\/4978","targetHints":{"allow":["GET"]}}],"collection":[{"href":"https:\/\/airna.com\/de\/wp-json\/wp\/v2\/pages"}],"about":[{"href":"https:\/\/airna.com\/de\/wp-json\/wp\/v2\/types\/page"}],"author":[{"embeddable":true,"href":"https:\/\/airna.com\/de\/wp-json\/wp\/v2\/users\/1"}],"replies":[{"embeddable":true,"href":"https:\/\/airna.com\/de\/wp-json\/wp\/v2\/comments?post=4978"}],"version-history":[{"count":0,"href":"https:\/\/airna.com\/de\/wp-json\/wp\/v2\/pages\/4978\/revisions"}],"wp:attachment":[{"href":"https:\/\/airna.com\/de\/wp-json\/wp\/v2\/media?parent=4978"}],"curies":[{"name":"wp","href":"https:\/\/api.w.org\/{rel}","templated":true}]}}