{"id":4979,"date":"2025-02-13T01:08:36","date_gmt":"2025-02-13T01:08:36","guid":{"rendered":"https:\/\/airna.docksal.site\/patients-caregivers\/"},"modified":"2025-11-05T23:36:51","modified_gmt":"2025-11-05T23:36:51","slug":"patients-caregivers","status":"publish","type":"page","link":"https:\/\/airna.com\/de\/patients-caregivers\/","title":{"rendered":"Patienten und medizinisches Personal"},"content":{"rendered":"\n<div class=\"wp-block-cover alignfull\"><span aria-hidden=\"true\" class=\"wp-block-cover__background has-blue-dk-background-color has-background-dim-100 has-background-dim\"><\/span><div class=\"wp-block-cover__inner-container is-layout-constrained wp-block-cover-is-layout-constrained\">\n\t<div  class=\"section-heading  align-text-left align-content-top align wp-block-acf-section-heading\">\n\t\n\n\t\t<div class=\"acf-innerblocks-container\">\n\n<div class=\"wp-block-group is-layout-constrained wp-block-group-is-layout-constrained\">\n<div class=\"wp-block-group is-style-offset-left section-heading__heading is-layout-constrained wp-block-group-is-layout-constrained\">\n<h2 class=\"wp-block-heading eyebrow-preheading\">Eine neue Art Krankheiten zu behandeln<\/h2>\n\n\n\n<hr class=\"wp-block-separator has-alpha-channel-opacity\"\/>\n\n\n\n<h3 class=\"wp-block-heading has-h-2-font-size\"><strong>RNA-Editing hat das Potenzial, die Ursachen genetischer Erkrankungen wie Alpha-1-Antitrypsin-Defizienz (AATD) zu behandeln.<\/strong><\/h3>\n<\/div>\n\n\n\n<div class=\"wp-block-group is-style-offset-right section-heading__content is-layout-constrained wp-block-group-is-layout-constrained\">\n<p>Jeder Mensch wird mit Varianten des genetischen Materials \u2013 DNA und RNA \u2013 geboren, die als Bauplan f\u00fcr den Aufbau der Proteine dienen, die wiederum die Zellfunktion regeln. Die Gr\u00fcnder unseres Unternehmens erkannten, dass unser K\u00f6rper \u00fcber ein nat\u00fcrliches System verf\u00fcgt, um \u00c4nderungen an unserer RNA vorzunehmen. Durch die Nutzung dieses Systems wollen wir sch\u00e4dliche genetische Varianten, die zu fehlenden oder fehlerhaften Proteinen und somit zu schweren Krankheiten wie Alpha-1-Antitrypsin-Defizienz (AATD) f\u00fchren, umkehren.<\/p>\n\n\n\n<div style=\"height:60px\" aria-hidden=\"true\" class=\"wp-block-spacer\"><\/div>\n\n\n\n<figure class=\"wp-block-image size-full is-resized desktop-only\"><img decoding=\"async\" src=\"https:\/\/airna.com\/wp-content\/uploads\/2025\/07\/AIRNA-Genetic-correctionrestores-functional-protein-DE.png\" alt=\"\" class=\"wp-image-4657\" style=\"width:720px\"\/><\/figure>\n\n\n\n<figure class=\"wp-block-image size-full is-resized mobile-only\"><img decoding=\"async\" src=\"https:\/\/airna.com\/wp-content\/uploads\/2025\/07\/AIRNA-Genetic-correctionrestores-functional-protein-mobile-DE.png\" alt=\"\" class=\"wp-image-4656\" style=\"width:720px\"\/><\/figure>\n\n\n\n<p style=\"padding-top:var(--wp--preset--spacing--50);padding-bottom:var(--wp--preset--spacing--50)\">RNA besteht aus einer Sequenz molekularer Untereinheiten, die h\u00e4ufig mit Buchstaben in einem Code verglichen werden und die bestimmen, wie Proteine aufgebaut sind und funktionieren. Das nat\u00fcrliche RNA-Editingsystem des K\u00f6rpers nutzt ein spezialisiertes Protein namens ADAR, um pr\u00e4zise Ver\u00e4nderungen an der RNA vorzunehmen; dabei wird einer der Buchstaben ausgetauscht \u2013 ein Adenosin (A) wird auf einen neuen Buchstaben namens Inosin (I) umgestellt, der von der genetischen Maschinerie des K\u00f6rpers als Guanosin (G) gelesen wird. Wir entwickeln eine in der Erprobung befindliche Therapie, die ADAR anleiten soll, pr\u00e4zises Editing an der richtigen Stelle vorzunehmen. Diese kleinen \u00c4nderungen an der RNA k\u00f6nnen zu wichtigen Verbesserungen in der Funktionsweise von Proteinen f\u00fchren.<\/p>\n<\/div>\n<\/div>\n\n<\/div>\n\n\t<\/div>\n<\/div><\/div>\n\n\n\n<div class=\"wp-block-group is-layout-constrained wp-block-group-is-layout-constrained\" style=\"padding-top:var(--wp--preset--spacing--60);padding-bottom:var(--wp--preset--spacing--60)\">\n\t<div  style=\"padding-bottom:0;\" class=\"section-heading  pb-0 align-text-left align-content-top align pb-0 wp-block-acf-section-heading\">\n\t\n\n\t\t<div class=\"acf-innerblocks-container\">\n\n<div class=\"wp-block-group is-layout-constrained wp-block-group-is-layout-constrained\">\n<div class=\"wp-block-group is-style-offset-left section-heading__heading is-layout-constrained wp-block-group-is-layout-constrained\" style=\"padding-bottom:0\">\n<h2 class=\"wp-block-heading eyebrow-preheading\">Nutzung eines nat\u00fcrlichen humanen Prozesses f\u00fcr AATD<\/h2>\n\n\n\n<hr class=\"wp-block-separator has-alpha-channel-opacity\"\/>\n\n\n\n<h3 class=\"wp-block-heading has-h-2-font-size\"><strong>AATD und pr\u00e4zises RNA-Editing<\/strong><\/h3>\n<\/div>\n<\/div>\n\n<\/div>\n\n\t<\/div>\n\n\n\n<div class=\"wp-block-columns is-layout-flex wp-container-core-columns-is-layout-28f84493 wp-block-columns-is-layout-flex\">\n<div class=\"wp-block-column is-layout-flow wp-block-column-is-layout-flow\" style=\"flex-basis:66.66%\">\n<p>Menschen mit AATD weisen spezifische Varianten in ihrer DNA und RNA auf, die letztendlich die Produktion des funktionellen Alpha-1-Antitrypsin (AAT)-Proteins verhindern. AATD wird vererbt und kann zu schweren Lungen- und Lebererkrankungen f\u00fchren, f\u00fcr die derzeit keine ausreichenden Behandlungsoptionen vorliegen. <\/p>\n\n\n\n<figure class=\"wp-block-image size-full mobile-only\"><img decoding=\"async\" src=\"https:\/\/airna.com\/wp-content\/uploads\/2025\/07\/AATD-can-lead-to-severe-lung-and-liver-diseases-DE.png\" alt=\"\" class=\"wp-image-4417\"\/><\/figure>\n\n\n\n<p>Das pr\u00e4zise RNA-Editing von AIRNA hat das Potenzial, die am weitesten verbreitete AATD-verursachende genetische Variante (G-zu-A) auf RNA-Ebene nat\u00fcrlich zu reparieren, wobei die DNA unber\u00fchrt bleibt, jedoch sichergestellt wird, dass das resultierende Protein ordnungsgem\u00e4\u00df funktioniert. Dieser Ansatz vermeidet dauerhafte Risiken. <\/p>\n\n\n\n<p>Das Ergebnis ist ein therapeutischer Kandidat mit dem Potenzial, eine funktionelle Heilung mit einem von Patienten und \u00c4rzten bevorzugten Verabreichungsprofil zu bieten. In Forschungsstudien erzielt unser therapeutischer Kandidat eine wirkungsvolle Reparatur der RNA, damit diese hohe Mengen an AAT-Protein produziert. Die subkutane Verabreichung ist einfach und sicher, und nur selten erforderlich.<\/p>\n<\/div>\n\n\n\n<div class=\"wp-block-column is-layout-flow wp-block-column-is-layout-flow\" style=\"flex-basis:33.33%\">\n<figure class=\"wp-block-image size-large desktop-only\"><img decoding=\"async\" src=\"https:\/\/airna.com\/wp-content\/uploads\/2025\/07\/AATD-can-lead-to-severe-lung-and-liver-diseases-DE.png\" alt=\"\" class=\"wp-image-4417\"\/><\/figure>\n<\/div>\n<\/div>\n\n\n\n<div class=\"wp-block-columns desktop-padded is-layout-flex wp-container-core-columns-is-layout-28f84493 wp-block-columns-is-layout-flex\">\n<div class=\"wp-block-column is-layout-flow wp-block-column-is-layout-flow\" style=\"flex-basis:66.66%\">\n<h4 class=\"wp-block-heading\">Aktuelle Informationen zu klinischen Studien<\/h4>\n\n\n\n<hr class=\"wp-block-separator has-alpha-channel-opacity\"\/>\n\n\n\n<p>Senden Sie eine E-Mail an <a href=\"mailto:patients@airna.com\" target=\"_blank\" rel=\"noreferrer noopener\">patients@airna.com<\/a>, um aktuelle Informationen zu klinischen Studien zu erhalten.<\/p>\n<\/div>\n\n\n\n<div class=\"wp-block-column is-layout-flow wp-block-column-is-layout-flow\" style=\"flex-basis:33.33%\"><\/div>\n<\/div>\n<\/div>\n\n\n\n<div class=\"wp-block-cover alignfull is-light cover-cta\"><img decoding=\"async\" width=\"2560\" height=\"1565\" class=\"wp-block-cover__image-background wp-image-4588\" alt=\"\" src=\"https:\/\/airna.com\/wp-content\/uploads\/2025\/03\/AIRNA-AATD-patient-resources-1-scaled.jpg\" style=\"object-position:63% 51%\" data-object-fit=\"cover\" data-object-position=\"63% 51%\" srcset=\"https:\/\/airna.com\/wp-content\/uploads\/2025\/03\/AIRNA-AATD-patient-resources-1-scaled.jpg 2560w, https:\/\/airna.com\/wp-content\/uploads\/2025\/03\/AIRNA-AATD-patient-resources-1-300x183.jpg 300w, https:\/\/airna.com\/wp-content\/uploads\/2025\/03\/AIRNA-AATD-patient-resources-1-1024x626.jpg 1024w, https:\/\/airna.com\/wp-content\/uploads\/2025\/03\/AIRNA-AATD-patient-resources-1-768x469.jpg 768w, https:\/\/airna.com\/wp-content\/uploads\/2025\/03\/AIRNA-AATD-patient-resources-1-1536x939.jpg 1536w, https:\/\/airna.com\/wp-content\/uploads\/2025\/03\/AIRNA-AATD-patient-resources-1-2048x1252.jpg 2048w\" sizes=\"(max-width: 2560px) 100vw, 2560px\" \/><span aria-hidden=\"true\" class=\"wp-block-cover__background has-background-dim-0 has-background-dim\" style=\"background-color:#cdcdcd\"><\/span><div class=\"wp-block-cover__inner-container is-layout-constrained wp-block-cover-is-layout-constrained\">\n<div class=\"wp-block-group cover-cta-inner is-content-justification-left is-layout-constrained wp-container-core-group-is-layout-c8165dcd wp-block-group-is-layout-constrained\">\n<div class=\"wp-block-group cover-cta-inner-content is-layout-constrained wp-block-group-is-layout-constrained\">\n<h4 class=\"wp-block-heading\" style=\"text-transform:uppercase\">Weitere Informationen zu AATD<\/h4>\n\n\n\n<hr class=\"wp-block-separator has-alpha-channel-opacity\"\/>\n\n\n\n<p class=\"has-blue-dk-color has-text-color has-link-color wp-elements-8ccf4abf443a4f5d3572e3a05eaba673\">Weitere Informationen zum Leben mit AATD finden Sie in den folgenden Ressourcen:<\/p>\n\n\n\n<p class=\"link-block has-pink-color has-text-color has-link-color wp-elements-4b830ce4d11aa887db0fce4cf8f14f9b\"><a href=\"https:\/\/alpha1europe.org\/\" target=\"_blank\" rel=\"noreferrer noopener\">Alpha-1 Europa Allianz<\/a><br><a href=\"https:\/\/alpha1.org\/\" target=\"_blank\" rel=\"noreferrer noopener\">Alpha-1 Stiftung<\/a><br><a href=\"https:\/\/www.alphanet.org\/\" target=\"_blank\" rel=\"noreferrer noopener\">AlphaNet<\/a><br><a href=\"https:\/\/www.lung.org\/lung-health-diseases\/lung-disease-lookup\/alpha-1-antitrypsin-deficiency\/treating-and-managing\" target=\"_blank\" rel=\"noreferrer noopener\">American Lung Association<\/a><br><a href=\"https:\/\/www.copdfoundation.org\/\" target=\"_blank\" rel=\"noreferrer noopener\">COPD-Stiftung<\/a><br><a href=\"https:\/\/www.uncoveralpha1.com\/support-and-resources\" target=\"_blank\" rel=\"noreferrer noopener\">Alpha-1 aufdecken<\/a><\/p>\n<\/div>\n<\/div>\n<\/div><\/div>\n","protected":false},"excerpt":{"rendered":"<p>Menschen mit AATD weisen spezifische Varianten in ihrer DNA und RNA auf, die letztendlich die Produktion des funktionellen Alpha-1-Antitrypsin (AAT)-Proteins verhindern. AATD wird vererbt und kann zu schweren Lungen- und Lebererkrankungen f\u00fchren, f\u00fcr die derzeit keine ausreichenden Behandlungsoptionen vorliegen. Das pr\u00e4zise RNA-Editing von AIRNA hat das Potenzial, die am weitesten verbreitete AATD-verursachende genetische Variante (G-zu-A) [&hellip;]<\/p>\n","protected":false},"author":1,"featured_media":0,"parent":0,"menu_order":0,"comment_status":"closed","ping_status":"closed","template":"","meta":{"_acf_changed":false,"footnotes":""},"class_list":["post-4979","page","type-page","status-publish","hentry"],"acf":[],"yoast_head":"<!-- This site is optimized with the Yoast SEO plugin v27.2 - https:\/\/yoast.com\/product\/yoast-seo-wordpress\/ -->\n<title>Patienten und medizinisches Personal &#8212; Airna<\/title>\n<meta name=\"description\" content=\"Eine neue Art Krankheiten zu behandeln RNA-Editing hat das Potenzial, die Ursachen genetischer Erkrankungen wie Alpha-1-Antitrypsin-Defizienz (AATD) zu\" \/>\n<meta name=\"robots\" content=\"index, follow, max-snippet:-1, max-image-preview:large, max-video-preview:-1\" \/>\n<link rel=\"canonical\" href=\"https:\/\/airna.com\/de\/patients-caregivers\/\" \/>\n<meta property=\"og:locale\" content=\"de_DE\" \/>\n<meta property=\"og:type\" content=\"article\" \/>\n<meta property=\"og:title\" content=\"Patienten und medizinisches Personal &#8212; Airna\" \/>\n<meta property=\"og:description\" content=\"Eine neue Art Krankheiten zu behandeln RNA-Editing hat das Potenzial, die Ursachen genetischer Erkrankungen wie Alpha-1-Antitrypsin-Defizienz (AATD) zu\" \/>\n<meta property=\"og:url\" content=\"https:\/\/airna.com\/de\/patients-caregivers\/\" \/>\n<meta property=\"og:site_name\" content=\"Airna\" \/>\n<meta property=\"article:modified_time\" content=\"2025-11-05T23:36:51+00:00\" \/>\n<meta property=\"og:image\" content=\"https:\/\/airna.com\/wp-content\/uploads\/2025\/03\/AIRNA-Genetic-correctionrestores-functional-protein-1.png\" \/>\n\t<meta property=\"og:image:width\" content=\"1440\" \/>\n\t<meta property=\"og:image:height\" content=\"1960\" \/>\n\t<meta property=\"og:image:type\" content=\"image\/png\" \/>\n<meta name=\"twitter:card\" content=\"summary_large_image\" \/>\n<meta name=\"twitter:label1\" content=\"Gesch\u00e4tzte Lesezeit\" \/>\n\t<meta name=\"twitter:data1\" content=\"3\u00a0Minuten\" \/>\n<script type=\"application\/ld+json\" class=\"yoast-schema-graph\">{\"@context\":\"https:\/\/schema.org\",\"@graph\":[{\"@type\":\"WebPage\",\"@id\":\"https:\/\/airna.com\/de\/patients-caregivers\/\",\"url\":\"https:\/\/airna.com\/de\/patients-caregivers\/\",\"name\":\"Patienten und medizinisches Personal &#8212; Airna\",\"isPartOf\":{\"@id\":\"https:\/\/airna.com\/de\/#website\"},\"primaryImageOfPage\":{\"@id\":\"https:\/\/airna.com\/de\/patients-caregivers\/#primaryimage\"},\"image\":{\"@id\":\"https:\/\/airna.com\/de\/patients-caregivers\/#primaryimage\"},\"thumbnailUrl\":\"https:\/\/airna.com\/wp-content\/uploads\/2025\/07\/AIRNA-Genetic-correctionrestores-functional-protein-DE.png\",\"datePublished\":\"2025-02-13T01:08:36+00:00\",\"dateModified\":\"2025-11-05T23:36:51+00:00\",\"description\":\"Eine neue Art Krankheiten zu behandeln RNA-Editing hat das Potenzial, die Ursachen genetischer Erkrankungen wie Alpha-1-Antitrypsin-Defizienz (AATD) zu\",\"breadcrumb\":{\"@id\":\"https:\/\/airna.com\/de\/patients-caregivers\/#breadcrumb\"},\"inLanguage\":\"de\",\"potentialAction\":[{\"@type\":\"ReadAction\",\"target\":[\"https:\/\/airna.com\/de\/patients-caregivers\/\"]}]},{\"@type\":\"ImageObject\",\"inLanguage\":\"de\",\"@id\":\"https:\/\/airna.com\/de\/patients-caregivers\/#primaryimage\",\"url\":\"https:\/\/airna.com\/wp-content\/uploads\/2025\/07\/AIRNA-Genetic-correctionrestores-functional-protein-DE.png\",\"contentUrl\":\"https:\/\/airna.com\/wp-content\/uploads\/2025\/07\/AIRNA-Genetic-correctionrestores-functional-protein-DE.png\"},{\"@type\":\"BreadcrumbList\",\"@id\":\"https:\/\/airna.com\/de\/patients-caregivers\/#breadcrumb\",\"itemListElement\":[{\"@type\":\"ListItem\",\"position\":1,\"name\":\"Home\",\"item\":\"https:\/\/airna.com\/de\/home\/\"},{\"@type\":\"ListItem\",\"position\":2,\"name\":\"Patienten und medizinisches Personal\"}]},{\"@type\":\"WebSite\",\"@id\":\"https:\/\/airna.com\/de\/#website\",\"url\":\"https:\/\/airna.com\/de\/\",\"name\":\"Airna\",\"description\":\"TRANSFORMING LIVES, ONE RNA EDIT AT A TIME\",\"publisher\":{\"@id\":\"https:\/\/airna.com\/de\/#organization\"},\"potentialAction\":[{\"@type\":\"SearchAction\",\"target\":{\"@type\":\"EntryPoint\",\"urlTemplate\":\"https:\/\/airna.com\/de\/?s={search_term_string}\"},\"query-input\":{\"@type\":\"PropertyValueSpecification\",\"valueRequired\":true,\"valueName\":\"search_term_string\"}}],\"inLanguage\":\"de\"},{\"@type\":\"Organization\",\"@id\":\"https:\/\/airna.com\/de\/#organization\",\"name\":\"Airna\",\"url\":\"https:\/\/airna.com\/de\/\",\"logo\":{\"@type\":\"ImageObject\",\"inLanguage\":\"de\",\"@id\":\"https:\/\/airna.com\/de\/#\/schema\/logo\/image\/\",\"url\":\"https:\/\/airna.com\/wp-content\/uploads\/2025\/03\/AIRNA-logo.png\",\"contentUrl\":\"https:\/\/airna.com\/wp-content\/uploads\/2025\/03\/AIRNA-logo.png\",\"width\":280,\"height\":81,\"caption\":\"Airna\"},\"image\":{\"@id\":\"https:\/\/airna.com\/de\/#\/schema\/logo\/image\/\"},\"sameAs\":[\"https:\/\/www.linkedin.com\/company\/airna-bio\"]}]}<\/script>\n<!-- \/ Yoast SEO plugin. -->","yoast_head_json":{"title":"Patienten und medizinisches Personal &#8212; Airna","description":"Eine neue Art Krankheiten zu behandeln RNA-Editing hat das Potenzial, die Ursachen genetischer Erkrankungen wie Alpha-1-Antitrypsin-Defizienz (AATD) zu","robots":{"index":"index","follow":"follow","max-snippet":"max-snippet:-1","max-image-preview":"max-image-preview:large","max-video-preview":"max-video-preview:-1"},"canonical":"https:\/\/airna.com\/de\/patients-caregivers\/","og_locale":"de_DE","og_type":"article","og_title":"Patienten und medizinisches Personal &#8212; Airna","og_description":"Eine neue Art Krankheiten zu behandeln RNA-Editing hat das Potenzial, die Ursachen genetischer Erkrankungen wie Alpha-1-Antitrypsin-Defizienz (AATD) zu","og_url":"https:\/\/airna.com\/de\/patients-caregivers\/","og_site_name":"Airna","article_modified_time":"2025-11-05T23:36:51+00:00","og_image":[{"width":1440,"height":1960,"url":"https:\/\/airna.com\/wp-content\/uploads\/2025\/03\/AIRNA-Genetic-correctionrestores-functional-protein-1.png","type":"image\/png"}],"twitter_card":"summary_large_image","twitter_misc":{"Gesch\u00e4tzte Lesezeit":"3\u00a0Minuten"},"schema":{"@context":"https:\/\/schema.org","@graph":[{"@type":"WebPage","@id":"https:\/\/airna.com\/de\/patients-caregivers\/","url":"https:\/\/airna.com\/de\/patients-caregivers\/","name":"Patienten und medizinisches Personal &#8212; Airna","isPartOf":{"@id":"https:\/\/airna.com\/de\/#website"},"primaryImageOfPage":{"@id":"https:\/\/airna.com\/de\/patients-caregivers\/#primaryimage"},"image":{"@id":"https:\/\/airna.com\/de\/patients-caregivers\/#primaryimage"},"thumbnailUrl":"https:\/\/airna.com\/wp-content\/uploads\/2025\/07\/AIRNA-Genetic-correctionrestores-functional-protein-DE.png","datePublished":"2025-02-13T01:08:36+00:00","dateModified":"2025-11-05T23:36:51+00:00","description":"Eine neue Art Krankheiten zu behandeln RNA-Editing hat das Potenzial, die Ursachen genetischer Erkrankungen wie Alpha-1-Antitrypsin-Defizienz (AATD) zu","breadcrumb":{"@id":"https:\/\/airna.com\/de\/patients-caregivers\/#breadcrumb"},"inLanguage":"de","potentialAction":[{"@type":"ReadAction","target":["https:\/\/airna.com\/de\/patients-caregivers\/"]}]},{"@type":"ImageObject","inLanguage":"de","@id":"https:\/\/airna.com\/de\/patients-caregivers\/#primaryimage","url":"https:\/\/airna.com\/wp-content\/uploads\/2025\/07\/AIRNA-Genetic-correctionrestores-functional-protein-DE.png","contentUrl":"https:\/\/airna.com\/wp-content\/uploads\/2025\/07\/AIRNA-Genetic-correctionrestores-functional-protein-DE.png"},{"@type":"BreadcrumbList","@id":"https:\/\/airna.com\/de\/patients-caregivers\/#breadcrumb","itemListElement":[{"@type":"ListItem","position":1,"name":"Home","item":"https:\/\/airna.com\/de\/home\/"},{"@type":"ListItem","position":2,"name":"Patienten und medizinisches Personal"}]},{"@type":"WebSite","@id":"https:\/\/airna.com\/de\/#website","url":"https:\/\/airna.com\/de\/","name":"Airna","description":"TRANSFORMING LIVES, ONE RNA EDIT AT A TIME","publisher":{"@id":"https:\/\/airna.com\/de\/#organization"},"potentialAction":[{"@type":"SearchAction","target":{"@type":"EntryPoint","urlTemplate":"https:\/\/airna.com\/de\/?s={search_term_string}"},"query-input":{"@type":"PropertyValueSpecification","valueRequired":true,"valueName":"search_term_string"}}],"inLanguage":"de"},{"@type":"Organization","@id":"https:\/\/airna.com\/de\/#organization","name":"Airna","url":"https:\/\/airna.com\/de\/","logo":{"@type":"ImageObject","inLanguage":"de","@id":"https:\/\/airna.com\/de\/#\/schema\/logo\/image\/","url":"https:\/\/airna.com\/wp-content\/uploads\/2025\/03\/AIRNA-logo.png","contentUrl":"https:\/\/airna.com\/wp-content\/uploads\/2025\/03\/AIRNA-logo.png","width":280,"height":81,"caption":"Airna"},"image":{"@id":"https:\/\/airna.com\/de\/#\/schema\/logo\/image\/"},"sameAs":["https:\/\/www.linkedin.com\/company\/airna-bio"]}]}},"_links":{"self":[{"href":"https:\/\/airna.com\/de\/wp-json\/wp\/v2\/pages\/4979","targetHints":{"allow":["GET"]}}],"collection":[{"href":"https:\/\/airna.com\/de\/wp-json\/wp\/v2\/pages"}],"about":[{"href":"https:\/\/airna.com\/de\/wp-json\/wp\/v2\/types\/page"}],"author":[{"embeddable":true,"href":"https:\/\/airna.com\/de\/wp-json\/wp\/v2\/users\/1"}],"replies":[{"embeddable":true,"href":"https:\/\/airna.com\/de\/wp-json\/wp\/v2\/comments?post=4979"}],"version-history":[{"count":0,"href":"https:\/\/airna.com\/de\/wp-json\/wp\/v2\/pages\/4979\/revisions"}],"wp:attachment":[{"href":"https:\/\/airna.com\/de\/wp-json\/wp\/v2\/media?parent=4979"}],"curies":[{"name":"wp","href":"https:\/\/api.w.org\/{rel}","templated":true}]}}