{"id":4981,"date":"2025-02-13T01:07:57","date_gmt":"2025-02-13T01:07:57","guid":{"rendered":"https:\/\/airna.docksal.site\/therapeutic-areas\/"},"modified":"2026-04-07T11:13:57","modified_gmt":"2026-04-07T11:13:57","slug":"pipeline","status":"publish","type":"page","link":"https:\/\/airna.com\/de\/pipeline\/","title":{"rendered":"Pipeline"},"content":{"rendered":"\n\t<div  class=\"section-heading  align-text-left align-content-top align wp-block-acf-section-heading\">\n\t\n\n\t\t<div class=\"acf-innerblocks-container\">\n\n<div class=\"wp-block-group is-layout-constrained wp-block-group-is-layout-constrained\">\n<div class=\"wp-block-group is-style-offset-left section-heading__heading is-layout-constrained wp-block-group-is-layout-constrained\">\n<h2 class=\"wp-block-heading eyebrow-preheading has-blue-dk-color has-text-color has-link-color wp-elements-f53a359688575f2cab7a1c9eb2b8c750\">Pipeline<\/h2>\n\n\n\n<hr class=\"wp-block-separator has-alpha-channel-opacity\"\/>\n\n\n\n<h3 class=\"wp-block-heading has-h-2-font-size\"><strong>Unsere breit angelegte Pipeline zielt darauf ab, krankheitsverursachende genetische Varianten zu reparieren oder eine bessere Gesundheit durch die Einf\u00fchrung vorteilhafter RNA-Formen zu erm\u00f6glichen. <\/strong><br\/><\/h3>\n<\/div>\n\n\n\n<figure class=\"wp-block-image size-full desktop-only\" style=\"margin-top:var(--wp--preset--spacing--60);margin-bottom:var(--wp--preset--spacing--60)\"><img decoding=\"async\" width=\"2560\" height=\"1084\" src=\"https:\/\/airna.com\/wp-content\/uploads\/2026\/04\/AIRNA-Website-Graphics-040326-v04-scaled.webp\" alt=\"\" class=\"wp-image-5453\" srcset=\"https:\/\/airna.com\/wp-content\/uploads\/2026\/04\/AIRNA-Website-Graphics-040326-v04-scaled.webp 2560w, https:\/\/airna.com\/wp-content\/uploads\/2026\/04\/AIRNA-Website-Graphics-040326-v04-300x127.webp 300w, https:\/\/airna.com\/wp-content\/uploads\/2026\/04\/AIRNA-Website-Graphics-040326-v04-1024x434.webp 1024w, https:\/\/airna.com\/wp-content\/uploads\/2026\/04\/AIRNA-Website-Graphics-040326-v04-768x325.webp 768w, https:\/\/airna.com\/wp-content\/uploads\/2026\/04\/AIRNA-Website-Graphics-040326-v04-1536x651.webp 1536w, https:\/\/airna.com\/wp-content\/uploads\/2026\/04\/AIRNA-Website-Graphics-040326-v04-2048x868.webp 2048w\" sizes=\"(max-width: 2560px) 100vw, 2560px\" \/><\/figure>\n\n\n\n<figure class=\"wp-block-image size-full mobile-only\"><img decoding=\"async\" width=\"800\" height=\"920\" src=\"https:\/\/airna.com\/wp-content\/uploads\/2026\/04\/AIRNA-Website-Graphics-MOBILE-040626.webp\" alt=\"\" class=\"wp-image-5455\" srcset=\"https:\/\/airna.com\/wp-content\/uploads\/2026\/04\/AIRNA-Website-Graphics-MOBILE-040626.webp 800w, https:\/\/airna.com\/wp-content\/uploads\/2026\/04\/AIRNA-Website-Graphics-MOBILE-040626-261x300.webp 261w, https:\/\/airna.com\/wp-content\/uploads\/2026\/04\/AIRNA-Website-Graphics-MOBILE-040626-768x883.webp 768w\" sizes=\"(max-width: 800px) 100vw, 800px\" \/><\/figure>\n<\/div>\n\n<\/div>\n\n\t<\/div>\n\n\t<div  class=\"section-heading  align-text-left align-content-top align wp-block-acf-section-heading\">\n\t\n\n\t\t<div class=\"acf-innerblocks-container\">\n\n<div class=\"wp-block-cover alignfull\"><span aria-hidden=\"true\" class=\"wp-block-cover__background has-blue-bg-background-color has-background-dim-100 has-background-dim\"><\/span><div class=\"wp-block-cover__inner-container is-layout-constrained wp-block-cover-is-layout-constrained\">\n\t<div  class=\"section-heading  align-text-left align-content-top align wp-block-acf-section-heading\">\n\t\n\n\t\t<div class=\"acf-innerblocks-container\">\n\n<div class=\"wp-block-group is-layout-constrained wp-block-group-is-layout-constrained\">\n<div class=\"wp-block-group is-style-offset-left section-heading__heading is-layout-constrained wp-block-group-is-layout-constrained\">\n<h2 class=\"wp-block-heading eyebrow-preheading has-blue-dk-color has-text-color has-link-color wp-elements-c99af6b3d29e597bdbe40877212639cb\">EIN PR\u00c4ZISIONSANSATZ F\u00dcR AATD<\/h2>\n\n\n\n<hr class=\"wp-block-separator has-alpha-channel-opacity\"\/>\n\n\n\n<h3 class=\"wp-block-heading has-blue-dk-color has-text-color has-link-color has-h-2-font-size wp-elements-70a487a3a459b72ccdcccface1f0c325\"><strong>Unsere Therapeutika sollen Patienten erstklassige L\u00f6sungen bieten. <\/strong><br\/><\/h3>\n<\/div>\n\n\n\n<div class=\"wp-block-group is-style-offset-right section-heading__content is-layout-constrained wp-block-group-is-layout-constrained\">\n<p class=\"has-blue-dk-color has-text-color has-link-color wp-elements-d6ff0fce6315407ba8e3d2cf0687baa4\">Alpha-1-Antitrypsin-Defizit (AATD) ist eine vererbte Krankheit, die durch unzureichende Mengen des funktionellen Alpha-1-Antitrypsin-Proteins (AAT) aufgrund einer seltenen, sch\u00e4dlichen genetischen Variante verursacht wird. Dieses Defizit kann zu schweren Lungen- und Lebererkrankungen f\u00fchren, f\u00fcr die keine ausreichenden Behandlungsoptionen vorliegen. <\/p>\n\n\n\n<p class=\"has-blue-dk-color has-text-color has-link-color wp-elements-fbd8640c0f4b5d9cb00fe0f0adba28b7\">AATD eignet sich besonders gut f\u00fcr das RNA-Editing. Unser Hauptprogramm AIR-001 zielt darauf ab, eine funktionelle Heilung f\u00fcr Patienten zu erm\u00f6glichen, indem die krankheitsausl\u00f6sende genetische Variante, die der Erkrankung zugrunde liegt, repariert wird. AIR-001 ist darauf ausgelegt, diese Ver\u00e4nderung genau r\u00fcckg\u00e4ngig zu machen und die funktionelle AAT-Proteinproduktion wiederherzustellen.   <\/p>\n\n\n\n<div class=\"wp-block-buttons is-layout-flex wp-block-buttons-is-layout-flex\">\n<div class=\"wp-block-button has-custom-width wp-block-button__width-75\"><a class=\"wp-block-button__link wp-element-button\" href=\"https:\/\/airna.com\/de\/patients-caregivers\/\">Erfahren Sie mehr \u00fcber AATD und pr\u00e4zises RNA-Editing<\/a><\/div>\n<\/div>\n<\/div>\n<\/div>\n\n<\/div>\n\n\t<\/div>\n<\/div><\/div>\n\n\n\n<div class=\"wp-block-group is-layout-constrained wp-block-group-is-layout-constrained\">\n<div class=\"wp-block-group is-style-offset-left section-heading__heading is-layout-constrained wp-block-group-is-layout-constrained\">\n<h2 class=\"wp-block-heading eyebrow-preheading\">Gesundheitswandel durch pr\u00e4zises RNA-Editing<\/h2>\n\n\n\n<hr class=\"wp-block-separator has-alpha-channel-opacity\"\/>\n\n\n\n<h3 class=\"wp-block-heading has-h-2-font-size\"><strong>Wir wollen das volle Potenzial des RNA-Editing aussch\u00f6pfen um die Gesundheit der Menschen zu verbessern.<\/strong><\/h3>\n<\/div>\n\n\n\n<div class=\"wp-block-group is-style-offset-right section-heading__content is-layout-constrained wp-block-group-is-layout-constrained\">\n<p>Dank der Fortschritte in der Genomik konnten sch\u00e4dliche genetische Varianten identifiziert werden, die das Krankheitsrisiko einer Person erh\u00f6hen, sowie n\u00fctzliche Varianten, die zu ges\u00fcnderen Ergebnissen f\u00fchren, z. B. zur Vermeidung von erh\u00f6htem Cholesterinspiegel. <\/p>\n\n\n\n<p>Der RNA-Editing-Ansatz von AIRNA hat ein einzigartiges Potenzial f\u00fcr die Entwicklung von Medikamenten, die entweder sch\u00e4dliche Varianten reparieren oder n\u00fctzliche Varianten einf\u00fchren, um die Gesundheit breiter Bev\u00f6lkerungsgruppen zu verbessern. Unsere Therapeutika sind so konzipiert, dass sie durch eine praktische und sichere Dosierung verabreicht und bei Bedarf abgesetzt werden k\u00f6nnen.<\/p>\n<\/div>\n<\/div>\n\n<\/div>\n\n\t<\/div>\n\n<figure class=\"wp-block-image size-full desktop-only\" style=\"margin-bottom:var(--wp--preset--spacing--60)\"><img decoding=\"async\" src=\"https:\/\/airna.com\/wp-content\/uploads\/2025\/07\/AIRNAs-aproach-for-rare-genetic-disorders-and-common-conditions-DE.png\" alt=\"\" class=\"wp-image-4587\"\/><\/figure>\n\n<h2 class=\"wp-block-heading is-style-sidebar-title mobile-only\" style=\"padding-bottom:0\">Seltene genetische Erkrankungen<\/h2>\n\n<figure class=\"wp-block-image aligncenter size-full mobile-only\"><img decoding=\"async\" src=\"https:\/\/airna.com\/wp-content\/uploads\/2025\/07\/AIRNA-Rare-Genetic-Disorders-Approach-mobile-DE.png\" alt=\"\" class=\"wp-image-4586\"\/><\/figure>\n\n<h2 class=\"wp-block-heading is-style-sidebar-title mobile-only\" style=\"padding-bottom:0\">H\u00e4ufige Erkrankungen<\/h2>\n\n<figure class=\"wp-block-image aligncenter size-full mobile-only\"><img decoding=\"async\" src=\"https:\/\/airna.com\/wp-content\/uploads\/2025\/07\/AIRNA-Common-Conditions-Approach-mobile-DE.png\" alt=\"\" class=\"wp-image-4584\"\/><\/figure>\n\n<div class=\"wp-block-group is-layout-constrained wp-block-group-is-layout-constrained\" style=\"margin-top:var(--wp--preset--spacing--60);margin-bottom:var(--wp--preset--spacing--60)\">\n<p><strong>Erfahren Sie, wie kleine Ver\u00e4nderungen der RNA gro\u00dfe Auswirkungen auf die Krankheitsbehandlung haben k\u00f6nnten<\/strong><\/p>\n\n\n\n<div class=\"wp-block-buttons is-content-justification-center is-layout-flex wp-container-core-buttons-is-layout-ccccae50 wp-block-buttons-is-layout-flex\" style=\"padding-top:var(--wp--preset--spacing--50);padding-bottom:var(--wp--preset--spacing--50)\">\n<div class=\"wp-block-button is-style-secondary\"><a class=\"wp-block-button__link wp-element-button\" href=\"https:\/\/airna.com\/de\/science-platform\/\">Wissenschaft und Plattform<\/a><\/div>\n<\/div>\n<\/div>\n","protected":false},"excerpt":{"rendered":"<p>Seltene genetische Erkrankungen H\u00e4ufige Erkrankungen Erfahren Sie, wie kleine Ver\u00e4nderungen der RNA gro\u00dfe Auswirkungen auf die Krankheitsbehandlung haben k\u00f6nnten<\/p>\n","protected":false},"author":1,"featured_media":0,"parent":0,"menu_order":0,"comment_status":"closed","ping_status":"closed","template":"","meta":{"_acf_changed":false,"footnotes":""},"class_list":["post-4981","page","type-page","status-publish","hentry"],"acf":[],"yoast_head":"<!-- This site is optimized with the Yoast SEO plugin v27.2 - https:\/\/yoast.com\/product\/yoast-seo-wordpress\/ -->\n<title>Pipeline &#8212; Airna<\/title>\n<meta name=\"description\" content=\"Pipeline Unsere breit angelegte Pipeline zielt darauf ab, krankheitsverursachende genetische Varianten zu reparieren oder eine bessere Gesundheit durch\" \/>\n<meta name=\"robots\" content=\"index, follow, max-snippet:-1, max-image-preview:large, max-video-preview:-1\" \/>\n<link rel=\"canonical\" href=\"https:\/\/airna.com\/de\/pipeline\/\" \/>\n<meta property=\"og:locale\" content=\"de_DE\" \/>\n<meta property=\"og:type\" content=\"article\" \/>\n<meta property=\"og:title\" content=\"Pipeline &#8212; Airna\" \/>\n<meta property=\"og:description\" content=\"Pipeline Unsere breit angelegte Pipeline zielt darauf ab, krankheitsverursachende genetische Varianten zu reparieren oder eine bessere Gesundheit durch\" \/>\n<meta property=\"og:url\" content=\"https:\/\/airna.com\/de\/pipeline\/\" \/>\n<meta property=\"og:site_name\" content=\"Airna\" \/>\n<meta property=\"article:modified_time\" content=\"2026-04-07T11:13:57+00:00\" \/>\n<meta property=\"og:image\" content=\"https:\/\/airna.com\/wp-content\/uploads\/2026\/04\/AIRNA-Website-Graphics-040326-v04-scaled.webp\" \/>\n\t<meta property=\"og:image:width\" content=\"2560\" \/>\n\t<meta property=\"og:image:height\" content=\"1084\" \/>\n\t<meta property=\"og:image:type\" content=\"image\/webp\" \/>\n<meta name=\"twitter:card\" content=\"summary_large_image\" \/>\n<meta name=\"twitter:label1\" content=\"Gesch\u00e4tzte Lesezeit\" \/>\n\t<meta name=\"twitter:data1\" content=\"3\u00a0Minuten\" \/>\n<script type=\"application\/ld+json\" class=\"yoast-schema-graph\">{\"@context\":\"https:\/\/schema.org\",\"@graph\":[{\"@type\":\"WebPage\",\"@id\":\"https:\/\/airna.com\/de\/pipeline\/\",\"url\":\"https:\/\/airna.com\/de\/pipeline\/\",\"name\":\"Pipeline &#8212; Airna\",\"isPartOf\":{\"@id\":\"https:\/\/airna.com\/de\/#website\"},\"primaryImageOfPage\":{\"@id\":\"https:\/\/airna.com\/de\/pipeline\/#primaryimage\"},\"image\":{\"@id\":\"https:\/\/airna.com\/de\/pipeline\/#primaryimage\"},\"thumbnailUrl\":\"https:\/\/airna.com\/wp-content\/uploads\/2026\/04\/AIRNA-Website-Graphics-040326-v04-scaled.webp\",\"datePublished\":\"2025-02-13T01:07:57+00:00\",\"dateModified\":\"2026-04-07T11:13:57+00:00\",\"description\":\"Pipeline Unsere breit angelegte Pipeline zielt darauf ab, krankheitsverursachende genetische Varianten zu reparieren oder eine bessere Gesundheit durch\",\"breadcrumb\":{\"@id\":\"https:\/\/airna.com\/de\/pipeline\/#breadcrumb\"},\"inLanguage\":\"de\",\"potentialAction\":[{\"@type\":\"ReadAction\",\"target\":[\"https:\/\/airna.com\/de\/pipeline\/\"]}]},{\"@type\":\"ImageObject\",\"inLanguage\":\"de\",\"@id\":\"https:\/\/airna.com\/de\/pipeline\/#primaryimage\",\"url\":\"https:\/\/airna.com\/wp-content\/uploads\/2026\/04\/AIRNA-Website-Graphics-040326-v04-scaled.webp\",\"contentUrl\":\"https:\/\/airna.com\/wp-content\/uploads\/2026\/04\/AIRNA-Website-Graphics-040326-v04-scaled.webp\"},{\"@type\":\"BreadcrumbList\",\"@id\":\"https:\/\/airna.com\/de\/pipeline\/#breadcrumb\",\"itemListElement\":[{\"@type\":\"ListItem\",\"position\":1,\"name\":\"Home\",\"item\":\"https:\/\/airna.com\/de\/home\/\"},{\"@type\":\"ListItem\",\"position\":2,\"name\":\"Pipeline\"}]},{\"@type\":\"WebSite\",\"@id\":\"https:\/\/airna.com\/de\/#website\",\"url\":\"https:\/\/airna.com\/de\/\",\"name\":\"Airna\",\"description\":\"TRANSFORMING LIVES, ONE RNA EDIT AT A TIME\",\"publisher\":{\"@id\":\"https:\/\/airna.com\/de\/#organization\"},\"potentialAction\":[{\"@type\":\"SearchAction\",\"target\":{\"@type\":\"EntryPoint\",\"urlTemplate\":\"https:\/\/airna.com\/de\/?s={search_term_string}\"},\"query-input\":{\"@type\":\"PropertyValueSpecification\",\"valueRequired\":true,\"valueName\":\"search_term_string\"}}],\"inLanguage\":\"de\"},{\"@type\":\"Organization\",\"@id\":\"https:\/\/airna.com\/de\/#organization\",\"name\":\"Airna\",\"url\":\"https:\/\/airna.com\/de\/\",\"logo\":{\"@type\":\"ImageObject\",\"inLanguage\":\"de\",\"@id\":\"https:\/\/airna.com\/de\/#\/schema\/logo\/image\/\",\"url\":\"https:\/\/airna.com\/wp-content\/uploads\/2025\/03\/AIRNA-logo.png\",\"contentUrl\":\"https:\/\/airna.com\/wp-content\/uploads\/2025\/03\/AIRNA-logo.png\",\"width\":280,\"height\":81,\"caption\":\"Airna\"},\"image\":{\"@id\":\"https:\/\/airna.com\/de\/#\/schema\/logo\/image\/\"},\"sameAs\":[\"https:\/\/www.linkedin.com\/company\/airna-bio\"]}]}<\/script>\n<!-- \/ Yoast SEO plugin. -->","yoast_head_json":{"title":"Pipeline &#8212; Airna","description":"Pipeline Unsere breit angelegte Pipeline zielt darauf ab, krankheitsverursachende genetische Varianten zu reparieren oder eine bessere Gesundheit durch","robots":{"index":"index","follow":"follow","max-snippet":"max-snippet:-1","max-image-preview":"max-image-preview:large","max-video-preview":"max-video-preview:-1"},"canonical":"https:\/\/airna.com\/de\/pipeline\/","og_locale":"de_DE","og_type":"article","og_title":"Pipeline &#8212; Airna","og_description":"Pipeline Unsere breit angelegte Pipeline zielt darauf ab, krankheitsverursachende genetische Varianten zu reparieren oder eine bessere Gesundheit durch","og_url":"https:\/\/airna.com\/de\/pipeline\/","og_site_name":"Airna","article_modified_time":"2026-04-07T11:13:57+00:00","og_image":[{"width":2560,"height":1084,"url":"https:\/\/airna.com\/wp-content\/uploads\/2026\/04\/AIRNA-Website-Graphics-040326-v04-scaled.webp","type":"image\/webp"}],"twitter_card":"summary_large_image","twitter_misc":{"Gesch\u00e4tzte Lesezeit":"3\u00a0Minuten"},"schema":{"@context":"https:\/\/schema.org","@graph":[{"@type":"WebPage","@id":"https:\/\/airna.com\/de\/pipeline\/","url":"https:\/\/airna.com\/de\/pipeline\/","name":"Pipeline &#8212; Airna","isPartOf":{"@id":"https:\/\/airna.com\/de\/#website"},"primaryImageOfPage":{"@id":"https:\/\/airna.com\/de\/pipeline\/#primaryimage"},"image":{"@id":"https:\/\/airna.com\/de\/pipeline\/#primaryimage"},"thumbnailUrl":"https:\/\/airna.com\/wp-content\/uploads\/2026\/04\/AIRNA-Website-Graphics-040326-v04-scaled.webp","datePublished":"2025-02-13T01:07:57+00:00","dateModified":"2026-04-07T11:13:57+00:00","description":"Pipeline Unsere breit angelegte Pipeline zielt darauf ab, krankheitsverursachende genetische Varianten zu reparieren oder eine bessere Gesundheit durch","breadcrumb":{"@id":"https:\/\/airna.com\/de\/pipeline\/#breadcrumb"},"inLanguage":"de","potentialAction":[{"@type":"ReadAction","target":["https:\/\/airna.com\/de\/pipeline\/"]}]},{"@type":"ImageObject","inLanguage":"de","@id":"https:\/\/airna.com\/de\/pipeline\/#primaryimage","url":"https:\/\/airna.com\/wp-content\/uploads\/2026\/04\/AIRNA-Website-Graphics-040326-v04-scaled.webp","contentUrl":"https:\/\/airna.com\/wp-content\/uploads\/2026\/04\/AIRNA-Website-Graphics-040326-v04-scaled.webp"},{"@type":"BreadcrumbList","@id":"https:\/\/airna.com\/de\/pipeline\/#breadcrumb","itemListElement":[{"@type":"ListItem","position":1,"name":"Home","item":"https:\/\/airna.com\/de\/home\/"},{"@type":"ListItem","position":2,"name":"Pipeline"}]},{"@type":"WebSite","@id":"https:\/\/airna.com\/de\/#website","url":"https:\/\/airna.com\/de\/","name":"Airna","description":"TRANSFORMING LIVES, ONE RNA EDIT AT A TIME","publisher":{"@id":"https:\/\/airna.com\/de\/#organization"},"potentialAction":[{"@type":"SearchAction","target":{"@type":"EntryPoint","urlTemplate":"https:\/\/airna.com\/de\/?s={search_term_string}"},"query-input":{"@type":"PropertyValueSpecification","valueRequired":true,"valueName":"search_term_string"}}],"inLanguage":"de"},{"@type":"Organization","@id":"https:\/\/airna.com\/de\/#organization","name":"Airna","url":"https:\/\/airna.com\/de\/","logo":{"@type":"ImageObject","inLanguage":"de","@id":"https:\/\/airna.com\/de\/#\/schema\/logo\/image\/","url":"https:\/\/airna.com\/wp-content\/uploads\/2025\/03\/AIRNA-logo.png","contentUrl":"https:\/\/airna.com\/wp-content\/uploads\/2025\/03\/AIRNA-logo.png","width":280,"height":81,"caption":"Airna"},"image":{"@id":"https:\/\/airna.com\/de\/#\/schema\/logo\/image\/"},"sameAs":["https:\/\/www.linkedin.com\/company\/airna-bio"]}]}},"_links":{"self":[{"href":"https:\/\/airna.com\/de\/wp-json\/wp\/v2\/pages\/4981","targetHints":{"allow":["GET"]}}],"collection":[{"href":"https:\/\/airna.com\/de\/wp-json\/wp\/v2\/pages"}],"about":[{"href":"https:\/\/airna.com\/de\/wp-json\/wp\/v2\/types\/page"}],"author":[{"embeddable":true,"href":"https:\/\/airna.com\/de\/wp-json\/wp\/v2\/users\/1"}],"replies":[{"embeddable":true,"href":"https:\/\/airna.com\/de\/wp-json\/wp\/v2\/comments?post=4981"}],"version-history":[{"count":0,"href":"https:\/\/airna.com\/de\/wp-json\/wp\/v2\/pages\/4981\/revisions"}],"wp:attachment":[{"href":"https:\/\/airna.com\/de\/wp-json\/wp\/v2\/media?parent=4981"}],"curies":[{"name":"wp","href":"https:\/\/api.w.org\/{rel}","templated":true}]}}