{"id":4985,"date":"2024-11-27T19:28:54","date_gmt":"2024-11-27T19:28:54","guid":{"rendered":"https:\/\/airna.docksal.site\/contact\/"},"modified":"2026-04-30T16:35:12","modified_gmt":"2026-04-30T16:35:12","slug":"contact","status":"publish","type":"page","link":"https:\/\/airna.com\/de\/contact\/","title":{"rendered":"Kontakt"},"content":{"rendered":"\n<div class=\"wp-block-columns is-layout-flex wp-container-core-columns-is-layout-f0342b05 wp-block-columns-is-layout-flex\" style=\"margin-top:0;margin-bottom:0\">\n<div class=\"wp-block-column is-layout-flow wp-block-column-is-layout-flow\" style=\"flex-basis:240px\">\n<h2 class=\"wp-block-heading is-style-sidebar-title\" style=\"margin-top:0\">Kontakt<\/h2>\n<\/div>\n\n\n\n<div class=\"wp-block-column is-layout-flow wp-block-column-is-layout-flow\" style=\"padding-bottom:0;flex-basis:100%\">\n<p>Allgemeine Anfragen <a href=\"mailto:info@airna.com\">info@airna.com<\/a><br\/>Verbinden Sie sich mit uns <a href=\"https:\/\/www.linkedin.com\/company\/airna-bio\" target=\"_blank\" rel=\"noreferrer noopener\">LinkedIn<\/a><\/p>\n<\/div>\n<\/div>\n\n<figure class=\"wp-block-image alignfull size-full mh480\" style=\"margin-top:var(--wp--preset--spacing--50);margin-bottom:var(--wp--preset--spacing--60)\"><img decoding=\"async\" width=\"5760\" height=\"1920\" src=\"https:\/\/airna.com\/wp-content\/uploads\/2025\/03\/AIRNA-locations-world-map.png\" alt=\"\" class=\"wp-image-4589\" srcset=\"https:\/\/airna.com\/wp-content\/uploads\/2025\/03\/AIRNA-locations-world-map.png 5760w, https:\/\/airna.com\/wp-content\/uploads\/2025\/03\/AIRNA-locations-world-map-300x100.png 300w, https:\/\/airna.com\/wp-content\/uploads\/2025\/03\/AIRNA-locations-world-map-1024x341.png 1024w, https:\/\/airna.com\/wp-content\/uploads\/2025\/03\/AIRNA-locations-world-map-768x256.png 768w, https:\/\/airna.com\/wp-content\/uploads\/2025\/03\/AIRNA-locations-world-map-1536x512.png 1536w, https:\/\/airna.com\/wp-content\/uploads\/2025\/03\/AIRNA-locations-world-map-2048x683.png 2048w\" sizes=\"(max-width: 5760px) 100vw, 5760px\" \/><\/figure>\n\n<div class=\"wp-block-group is-style-sidebar-group is-layout-constrained wp-block-group-is-layout-constrained\">\n<h2 class=\"wp-block-heading has-text-align-left is-style-sidebar-title pink-border\">Standorte<\/h2>\n\n\n\n<div class=\"wp-block-group pink-border is-content-justification-center is-layout-constrained wp-container-core-group-is-layout-e6e43df0 wp-block-group-is-layout-constrained\">\n<div class=\"wp-block-columns is-layout-flex wp-container-core-columns-is-layout-28f84493 wp-block-columns-is-layout-flex\">\n<div class=\"wp-block-column is-layout-flow wp-block-column-is-layout-flow\">\n<p><strong>AIRNA Corporation, Cambridge<br\/><\/strong>200 Technology Square<br\/>Suite 400<br\/>Cambridge, MA 02139<br\/>Vereinigte Staaten von Amerika<\/p>\n\n\n\n<p class=\"has-pink-color has-text-color has-link-color has-small-font-size wp-elements-62ac9e4f751ed4d9a0c8b2f20d9af237\"><a href=\"https:\/\/www.google.com\/maps\/place\/Novartis+Buildings,+200+Technology+Square,+Cambridge,+MA+02139\/@42.3633734,-71.0932662,1349m\/data=!3m2!1e3!4b1!4m6!3m5!1s0x89e370aea527d78d:0xa604b048d75d0ce4!8m2!3d42.3633734!4d-71.0906913!16s%2Fg%2F1vg_dw79?entry=ttu&amp;g_ep=EgoyMDI2MDQyNy4wIKXMDSoASAFQAw%3D%3D\" target=\"_blank\" rel=\"noreferrer noopener\">Ansicht auf Google Maps<\/a><\/p>\n<\/div>\n\n\n\n<div class=\"wp-block-column is-layout-flow wp-block-column-is-layout-flow\">\n<p><strong>AIRNA Bio Germany GmbH, T\u00fcbingen<br\/><\/strong>Rosentalstra\u00dfe 5<br\/>72070 T\u00fcbingen<br\/>Deutschland<\/p>\n\n\n\n<p class=\"has-pink-color has-text-color has-link-color has-small-font-size wp-elements-4e8738f27fbd528fb759efc38eb79248\"><a href=\"https:\/\/www.google.com\/maps\/place\/Rosentalstra%C3%9Fe+5,+72070+T%C3%BCbingen,+Germany\/@48.5241523,9.0267863,17z\/data=!3m1!4b1!4m6!3m5!1s0x4799fb3493ee3cd1:0x7c7c5ed952bd0251!8m2!3d48.5241488!4d9.0293612!16s%2Fg%2F11tcb0tsy1?entry=ttu&amp;g_ep=EgoyMDI1MDMwMy4wIKXMDSoASAFQAw%3D%3D\" target=\"_blank\" rel=\"noreferrer noopener\">Ansicht auf Google Maps<\/a><\/p>\n<\/div>\n<\/div>\n<\/div>\n<\/div>\n\n<div class=\"wp-block-group alignfull has-blue-lt-bg-background-color has-background is-layout-constrained wp-block-group-is-layout-constrained\" style=\"margin-top:0;margin-bottom:0\">\n<div class=\"wp-block-group is-style-default offset-left-block is-content-justification-left is-layout-constrained wp-container-core-group-is-layout-586e6226 wp-block-group-is-layout-constrained\" style=\"padding-top:var(--wp--preset--spacing--60);padding-right:var(--wp--preset--spacing--60);padding-bottom:var(--wp--preset--spacing--60);padding-left:var(--wp--preset--spacing--60)\">\n\t<div  class=\"section-heading  align-text-left align-content-top align wp-block-acf-section-heading\">\n\t\n\n\t\t<div class=\"acf-innerblocks-container\">\n\n<div class=\"wp-block-group is-layout-constrained wp-block-group-is-layout-constrained\">\n<div class=\"wp-block-group is-style-offset-left section-heading__heading is-layout-constrained wp-block-group-is-layout-constrained\">\n<hr class=\"wp-block-separator has-alpha-channel-opacity\"\/>\n\n\n\n<h3 class=\"wp-block-heading\"><strong>Sind Sie bereit, mit innovativen Medikamenten einen echten Beitrag f\u00fcr die Patienten zu leisten? Entdecken Sie die M\u00f6glichkeiten zur Mitarbeit in unserem dynamischen und kooperativen Team. <\/strong><\/h3>\n<\/div>\n<\/div>\n\n\n\n<div class=\"wp-block-buttons is-content-justification-center is-layout-flex wp-container-core-buttons-is-layout-a89b3969 wp-block-buttons-is-layout-flex\">\n<div class=\"wp-block-button is-style-secondary\"><a class=\"wp-block-button__link wp-element-button\" href=\"https:\/\/airna.com\/de\/join-us\/#careers\">Jobs<\/a><\/div>\n<\/div>\n\n<\/div>\n\n\t<\/div>\n<\/div>\n<\/div>\n","protected":false},"excerpt":{"rendered":"<p>Kontakt Allgemeine Anfragen info@airna.comVerbinden Sie sich mit uns LinkedIn Standorte AIRNA Corporation, Cambridge200 Technology SquareSuite 400Cambridge, MA 02139Vereinigte Staaten von Amerika Ansicht auf Google Maps AIRNA Bio Germany GmbH, T\u00fcbingenRosentalstra\u00dfe 572070 T\u00fcbingenDeutschland Ansicht auf Google Maps<\/p>\n","protected":false},"author":1,"featured_media":0,"parent":0,"menu_order":0,"comment_status":"closed","ping_status":"closed","template":"","meta":{"_acf_changed":false,"footnotes":" "},"class_list":["post-4985","page","type-page","status-publish","hentry"],"acf":[],"yoast_head":"<!-- This site is optimized with the Yoast SEO plugin v27.4 - https:\/\/yoast.com\/product\/yoast-seo-wordpress\/ -->\n<title>Kontakt &#8212; Airna<\/title>\n<meta name=\"description\" content=\"Kontakt Allgemeine Anfragen info@airna.comVerbinden Sie sich mit uns LinkedIn Standorte AIRNA Corporation, Cambridge200 Technology SquareSuite\" \/>\n<meta name=\"robots\" content=\"index, follow, max-snippet:-1, max-image-preview:large, max-video-preview:-1\" \/>\n<link rel=\"canonical\" href=\"https:\/\/airna.com\/de\/contact\/\" \/>\n<meta property=\"og:locale\" content=\"de_DE\" \/>\n<meta property=\"og:type\" content=\"article\" \/>\n<meta property=\"og:title\" content=\"Kontakt &#8212; Airna\" \/>\n<meta property=\"og:description\" content=\"Kontakt Allgemeine Anfragen info@airna.comVerbinden Sie sich mit uns LinkedIn Standorte AIRNA Corporation, Cambridge200 Technology SquareSuite\" \/>\n<meta property=\"og:url\" content=\"https:\/\/airna.com\/de\/contact\/\" \/>\n<meta property=\"og:site_name\" content=\"Airna\" \/>\n<meta property=\"article:modified_time\" content=\"2026-04-30T16:35:12+00:00\" \/>\n<meta property=\"og:image\" content=\"https:\/\/airna.com\/wp-content\/uploads\/2025\/03\/AIRNA-locations-world-map-1024x341.png\" \/>\n\t<meta property=\"og:image:width\" content=\"1024\" \/>\n\t<meta property=\"og:image:height\" content=\"341\" \/>\n\t<meta property=\"og:image:type\" content=\"image\/png\" \/>\n<meta name=\"twitter:card\" content=\"summary_large_image\" \/>\n<meta name=\"twitter:label1\" content=\"Gesch\u00e4tzte Lesezeit\" \/>\n\t<meta name=\"twitter:data1\" content=\"1\u00a0Minute\" \/>\n<script type=\"application\/ld+json\" class=\"yoast-schema-graph\">{\"@context\":\"https:\\\/\\\/schema.org\",\"@graph\":[{\"@type\":\"WebPage\",\"@id\":\"https:\\\/\\\/airna.com\\\/de\\\/contact\\\/\",\"url\":\"https:\\\/\\\/airna.com\\\/de\\\/contact\\\/\",\"name\":\"Kontakt &#8212; Airna\",\"isPartOf\":{\"@id\":\"https:\\\/\\\/airna.com\\\/de\\\/#website\"},\"primaryImageOfPage\":{\"@id\":\"https:\\\/\\\/airna.com\\\/de\\\/contact\\\/#primaryimage\"},\"image\":{\"@id\":\"https:\\\/\\\/airna.com\\\/de\\\/contact\\\/#primaryimage\"},\"thumbnailUrl\":\"https:\\\/\\\/airna.com\\\/wp-content\\\/uploads\\\/2025\\\/03\\\/AIRNA-locations-world-map.png\",\"datePublished\":\"2024-11-27T19:28:54+00:00\",\"dateModified\":\"2026-04-30T16:35:12+00:00\",\"description\":\"Kontakt Allgemeine Anfragen info@airna.comVerbinden Sie sich mit uns LinkedIn Standorte AIRNA Corporation, Cambridge200 Technology SquareSuite\",\"breadcrumb\":{\"@id\":\"https:\\\/\\\/airna.com\\\/de\\\/contact\\\/#breadcrumb\"},\"inLanguage\":\"de\",\"potentialAction\":[{\"@type\":\"ReadAction\",\"target\":[\"https:\\\/\\\/airna.com\\\/de\\\/contact\\\/\"]}]},{\"@type\":\"ImageObject\",\"inLanguage\":\"de\",\"@id\":\"https:\\\/\\\/airna.com\\\/de\\\/contact\\\/#primaryimage\",\"url\":\"https:\\\/\\\/airna.com\\\/wp-content\\\/uploads\\\/2025\\\/03\\\/AIRNA-locations-world-map.png\",\"contentUrl\":\"https:\\\/\\\/airna.com\\\/wp-content\\\/uploads\\\/2025\\\/03\\\/AIRNA-locations-world-map.png\"},{\"@type\":\"BreadcrumbList\",\"@id\":\"https:\\\/\\\/airna.com\\\/de\\\/contact\\\/#breadcrumb\",\"itemListElement\":[{\"@type\":\"ListItem\",\"position\":1,\"name\":\"Home\",\"item\":\"https:\\\/\\\/airna.com\\\/de\\\/home\\\/\"},{\"@type\":\"ListItem\",\"position\":2,\"name\":\"Kontakt\"}]},{\"@type\":\"WebSite\",\"@id\":\"https:\\\/\\\/airna.com\\\/de\\\/#website\",\"url\":\"https:\\\/\\\/airna.com\\\/de\\\/\",\"name\":\"Airna\",\"description\":\"TRANSFORMING LIVES, ONE RNA EDIT AT A TIME\",\"publisher\":{\"@id\":\"https:\\\/\\\/airna.com\\\/de\\\/#organization\"},\"potentialAction\":[{\"@type\":\"SearchAction\",\"target\":{\"@type\":\"EntryPoint\",\"urlTemplate\":\"https:\\\/\\\/airna.com\\\/de\\\/?s={search_term_string}\"},\"query-input\":{\"@type\":\"PropertyValueSpecification\",\"valueRequired\":true,\"valueName\":\"search_term_string\"}}],\"inLanguage\":\"de\"},{\"@type\":\"Organization\",\"@id\":\"https:\\\/\\\/airna.com\\\/de\\\/#organization\",\"name\":\"Airna\",\"url\":\"https:\\\/\\\/airna.com\\\/de\\\/\",\"logo\":{\"@type\":\"ImageObject\",\"inLanguage\":\"de\",\"@id\":\"https:\\\/\\\/airna.com\\\/de\\\/#\\\/schema\\\/logo\\\/image\\\/\",\"url\":\"https:\\\/\\\/airna.com\\\/wp-content\\\/uploads\\\/2025\\\/03\\\/AIRNA-logo.png\",\"contentUrl\":\"https:\\\/\\\/airna.com\\\/wp-content\\\/uploads\\\/2025\\\/03\\\/AIRNA-logo.png\",\"width\":280,\"height\":81,\"caption\":\"Airna\"},\"image\":{\"@id\":\"https:\\\/\\\/airna.com\\\/de\\\/#\\\/schema\\\/logo\\\/image\\\/\"},\"sameAs\":[\"https:\\\/\\\/www.linkedin.com\\\/company\\\/airna-bio\"]}]}<\/script>\n<!-- \/ Yoast SEO plugin. -->","yoast_head_json":{"title":"Kontakt &#8212; Airna","description":"Kontakt Allgemeine Anfragen info@airna.comVerbinden Sie sich mit uns LinkedIn Standorte AIRNA Corporation, Cambridge200 Technology SquareSuite","robots":{"index":"index","follow":"follow","max-snippet":"max-snippet:-1","max-image-preview":"max-image-preview:large","max-video-preview":"max-video-preview:-1"},"canonical":"https:\/\/airna.com\/de\/contact\/","og_locale":"de_DE","og_type":"article","og_title":"Kontakt &#8212; Airna","og_description":"Kontakt Allgemeine Anfragen info@airna.comVerbinden Sie sich mit uns LinkedIn Standorte AIRNA Corporation, Cambridge200 Technology SquareSuite","og_url":"https:\/\/airna.com\/de\/contact\/","og_site_name":"Airna","article_modified_time":"2026-04-30T16:35:12+00:00","og_image":[{"width":1024,"height":341,"url":"https:\/\/airna.com\/wp-content\/uploads\/2025\/03\/AIRNA-locations-world-map-1024x341.png","type":"image\/png"}],"twitter_card":"summary_large_image","twitter_misc":{"Gesch\u00e4tzte Lesezeit":"1\u00a0Minute"},"schema":{"@context":"https:\/\/schema.org","@graph":[{"@type":"WebPage","@id":"https:\/\/airna.com\/de\/contact\/","url":"https:\/\/airna.com\/de\/contact\/","name":"Kontakt &#8212; Airna","isPartOf":{"@id":"https:\/\/airna.com\/de\/#website"},"primaryImageOfPage":{"@id":"https:\/\/airna.com\/de\/contact\/#primaryimage"},"image":{"@id":"https:\/\/airna.com\/de\/contact\/#primaryimage"},"thumbnailUrl":"https:\/\/airna.com\/wp-content\/uploads\/2025\/03\/AIRNA-locations-world-map.png","datePublished":"2024-11-27T19:28:54+00:00","dateModified":"2026-04-30T16:35:12+00:00","description":"Kontakt Allgemeine Anfragen info@airna.comVerbinden Sie sich mit uns LinkedIn Standorte AIRNA Corporation, Cambridge200 Technology SquareSuite","breadcrumb":{"@id":"https:\/\/airna.com\/de\/contact\/#breadcrumb"},"inLanguage":"de","potentialAction":[{"@type":"ReadAction","target":["https:\/\/airna.com\/de\/contact\/"]}]},{"@type":"ImageObject","inLanguage":"de","@id":"https:\/\/airna.com\/de\/contact\/#primaryimage","url":"https:\/\/airna.com\/wp-content\/uploads\/2025\/03\/AIRNA-locations-world-map.png","contentUrl":"https:\/\/airna.com\/wp-content\/uploads\/2025\/03\/AIRNA-locations-world-map.png"},{"@type":"BreadcrumbList","@id":"https:\/\/airna.com\/de\/contact\/#breadcrumb","itemListElement":[{"@type":"ListItem","position":1,"name":"Home","item":"https:\/\/airna.com\/de\/home\/"},{"@type":"ListItem","position":2,"name":"Kontakt"}]},{"@type":"WebSite","@id":"https:\/\/airna.com\/de\/#website","url":"https:\/\/airna.com\/de\/","name":"Airna","description":"TRANSFORMING LIVES, ONE RNA EDIT AT A TIME","publisher":{"@id":"https:\/\/airna.com\/de\/#organization"},"potentialAction":[{"@type":"SearchAction","target":{"@type":"EntryPoint","urlTemplate":"https:\/\/airna.com\/de\/?s={search_term_string}"},"query-input":{"@type":"PropertyValueSpecification","valueRequired":true,"valueName":"search_term_string"}}],"inLanguage":"de"},{"@type":"Organization","@id":"https:\/\/airna.com\/de\/#organization","name":"Airna","url":"https:\/\/airna.com\/de\/","logo":{"@type":"ImageObject","inLanguage":"de","@id":"https:\/\/airna.com\/de\/#\/schema\/logo\/image\/","url":"https:\/\/airna.com\/wp-content\/uploads\/2025\/03\/AIRNA-logo.png","contentUrl":"https:\/\/airna.com\/wp-content\/uploads\/2025\/03\/AIRNA-logo.png","width":280,"height":81,"caption":"Airna"},"image":{"@id":"https:\/\/airna.com\/de\/#\/schema\/logo\/image\/"},"sameAs":["https:\/\/www.linkedin.com\/company\/airna-bio"]}]}},"_links":{"self":[{"href":"https:\/\/airna.com\/de\/wp-json\/wp\/v2\/pages\/4985","targetHints":{"allow":["GET"]}}],"collection":[{"href":"https:\/\/airna.com\/de\/wp-json\/wp\/v2\/pages"}],"about":[{"href":"https:\/\/airna.com\/de\/wp-json\/wp\/v2\/types\/page"}],"author":[{"embeddable":true,"href":"https:\/\/airna.com\/de\/wp-json\/wp\/v2\/users\/1"}],"replies":[{"embeddable":true,"href":"https:\/\/airna.com\/de\/wp-json\/wp\/v2\/comments?post=4985"}],"version-history":[{"count":0,"href":"https:\/\/airna.com\/de\/wp-json\/wp\/v2\/pages\/4985\/revisions"}],"wp:attachment":[{"href":"https:\/\/airna.com\/de\/wp-json\/wp\/v2\/media?parent=4985"}],"curies":[{"name":"wp","href":"https:\/\/api.w.org\/{rel}","templated":true}]}}